{"id":26,"date":"2018-04-05T21:09:05","date_gmt":"2018-04-05T21:09:05","guid":{"rendered":"https:\/\/slateblue-falcon-325495.hostingersite.com\/?page_id=26"},"modified":"2020-06-26T20:30:55","modified_gmt":"2020-06-26T20:30:55","slug":"sitios-relacionados","status":"publish","type":"page","link":"https:\/\/ritomoderno.es\/index.php\/sitios-relacionados\/","title":{"rendered":"Sitios relacionados"},"content":{"rendered":"<p>[et_pb_section fb_built=\u00bb1&#8243; fullwidth=\u00bbon\u00bb _builder_version=\u00bb4.4.8&#8243; box_shadow_style=\u00bbpreset3&#8243; hover_enabled=\u00bb0&#8243;][et_pb_fullwidth_image src=\u00bbhttps:\/\/slateblue-falcon-325495.hostingersite.com\/wp-content\/uploads\/2018\/04\/rfgcg.jpg\u00bb _builder_version=\u00bb4.4.8&#8243; alt=\u00bbSitios relacionados Rito Franc\u00e9s,\u00bb title_text=\u00bbrfgcg\u00bb hover_enabled=\u00bb0&#8243; custom_padding=\u00bb0px||0px|||\u00bb transform_styles_last_edited=\u00bboff|desktop\u00bb transform_scale_last_edited=\u00bboff|desktop\u00bb transform_translate_last_edited=\u00bboff|desktop\u00bb transform_rotate_last_edited=\u00bboff|desktop\u00bb transform_skew_last_edited=\u00bboff|desktop\u00bb transform_origin_last_edited=\u00bboff|desktop\u00bb][\/et_pb_fullwidth_image][\/et_pb_section][et_pb_section fb_built=\u00bb1&#8243; _builder_version=\u00bb3.22&#8243; custom_padding=\u00bb0|0px|54px|0px\u00bb][et_pb_row _builder_version=\u00bb4.4.8&#8243; custom_padding=\u00bb27px|0px|3px|0px\u00bb hover_enabled=\u00bb0&#8243;][et_pb_column type=\u00bb4_4&#8243; _builder_version=\u00bb3.25&#8243; custom_padding=\u00bb|||\u00bb custom_padding__hover=\u00bb|||\u00bb][et_pb_text _builder_version=\u00bb4.4.8&#8243; hover_enabled=\u00bb0&#8243; header_2_font=\u00bbAbhaya Libre|700|||||||\u00bb header_2_font_size=\u00bb30px\u00bb]<\/p>\n<h2>Sitios Relacionados<\/h2>\n<p>[\/et_pb_text][\/et_pb_column][\/et_pb_row][et_pb_row _builder_version=\u00bb4.4.8&#8243; background_size=\u00bbinitial\u00bb background_position=\u00bbtop_left\u00bb background_repeat=\u00bbrepeat\u00bb hover_enabled=\u00bb0&#8243; column_structure=\u00bb1_4,1_4,1_4,1_4&#8243;][et_pb_column type=\u00bb1_4&#8243; _builder_version=\u00bb4.4.8&#8243; custom_padding=\u00bb|||\u00bb hover_enabled=\u00bb0&#8243; custom_padding__hover=\u00bb|||\u00bb][et_pb_text _builder_version=\u00bb4.4.8&#8243; hover_enabled=\u00bb0&#8243; text_font_size=\u00bb16px\u00bb text_text_shadow_style=\u00bbpreset4&#8243; text_text_shadow_horizontal_length__hover_enabled=\u00bboff|desktop\u00bb header_2_font=\u00bbAbhaya Libre||||||||\u00bb header_2_font_size=\u00bb28px\u00bb]<\/p>\n<div class=\"et_pb_text et_pb_module et_pb_bg_layout_light et_pb_text_align_left et_pb_text_3\">\n<h2>Centros de Estudio e Investigaci\u00f3n<\/h2>\n<ul>\n<li><a href=\"http:\/\/umurm.com\">Academia Internacional de la V\u00aa Orden &#8211; Uni\u00f3n Mas\u00f3nica Universal del Rito Moderno<\/a><\/li>\n<li><a href=\"http:\/\/therooseveltcenter.org\/\">Roosvelt Center<\/a><\/li>\n<li><a href=\"https:\/\/slateblue-falcon-325495.hostingersite.com\">Circulo de Estudios del Rito Franc\u00e9s Ro\u00ebttiers de Montaleau<\/a><\/li>\n<li><a href=\"http:\/\/www.freemasons-freemasonry.com\/\">Pietre Stones<\/a><\/li>\n<\/ul>\n<\/div>\n<div class=\"et_pb_text et_pb_module et_pb_bg_layout_light et_pb_text_align_left et_pb_text_4\">\n<h2>Blogs<\/h2>\n<ul>\n<li><a href=\"http:\/\/ritofrances.blogspot.com\/\">Blog Rito Franc\u00e9s<\/a><\/li>\n<li><a href=\"http:\/\/victorguerra.blogspot.com\/\">Blog Masoner\u00eda Siglo XXI<\/a><\/li>\n<li><a href=\"http:\/\/olgavallejorueda.blogspot.com.es\/\">The Magisterium<\/a><\/li>\n<li><a href=\"http:\/\/racodelallum.blogspot.com\/\">Rac\u00f3 de la Llum<\/a><\/li>\n<li><a href=\"http:\/\/hedgemason.blogspot.com.es\/\">The Hedge mason<\/a><\/li>\n<li><a href=\"http:\/\/masonerialaimprentadebenjamin.blogspot.com\/\">La imprenta de Benjam\u00edn<\/a><\/li>\n<li><a href=\"https:\/\/web.archive.org\/web\/20170627173937\/http:\/\/aurelianoenhibernia.blogspot.com\/\">Aureliano en Hibernia<\/a><\/li>\n<\/ul>\n<\/div>\n<div class=\"et_pb_text et_pb_module et_pb_bg_layout_light et_pb_text_align_left et_pb_text_5\">\n<h2>Revistas y Editoriales<\/h2>\n<ul>\n<li><a href=\"http:\/\/masonica.es\">Entreacacias<\/a><\/li>\n<li><a href=\"http:\/\/trolha.com.br\">Trolha<\/a><\/li>\n<\/ul>\n<\/div>\n<p>[\/et_pb_text][\/et_pb_column][et_pb_column type=\u00bb1_4&#8243; _builder_version=\u00bb3.25&#8243; custom_padding=\u00bb|||\u00bb custom_padding__hover=\u00bb|||\u00bb][et_pb_text admin_label=\u00bbobediencias\u00bb _builder_version=\u00bb4.4.8&#8243; hover_enabled=\u00bb0&#8243; text_font_size=\u00bb16px\u00bb text_text_shadow_style=\u00bbpreset4&#8243; header_font=\u00bbAbhaya Libre||||||||\u00bb header_2_font=\u00bbAbhaya Libre|600|||||||\u00bb header_2_font_size=\u00bb28px\u00bb]<\/p>\n<h2>Obediencias<\/h2>\n<ul>\n<li><a href=\"http:\/\/www.gremiolusitano.pt\/\">Grande Oriente Lusitano<\/a><\/li>\n<li><a href=\"http:\/\/www.gob.be\/\">Grand Orient de Belgique<\/a><\/li>\n<li><a href=\"http:\/\/www.granorientelatinoamericano.org\">Gran Oriente Latinoamericano<\/a><\/li>\n<li><a href=\"http:\/\/www.ritomodernoecuador.com\">Gran Logia Mixta de los Andes Ecuatoriales<\/a><\/li>\n<li><a href=\"http:\/\/www.facebook.com\/Godcolombia\/\" target=\"_blank\" rel=\"noopener noreferrer\">Gran Oriente Nacional Colombiano<\/a><\/li>\n<li><a href=\"http:\/\/www.gomch.cl\">Gran Oriente Mas\u00f3nico Chileno<\/a><\/li>\n<li><a href=\"https:\/\/web.archive.org\/web\/20170627173937\/http:\/\/www.almauniverselle.fr\/\">ALMA Universelle<\/a><\/li>\n<li><a href=\"https:\/\/web.archive.org\/web\/20170627173937\/http:\/\/www.godf.org\/\">Gran Oriente de Francia<\/a><\/li>\n<li><a href=\"http:\/\/gle.org\">Gran Logia de Espa\u00f1a<\/a><\/li>\n<li><a href=\"http:\/\/glse.org\">Gran Logia Simb\u00f3lica Espa\u00f1ola<\/a><\/li>\n<li><a href=\"http:\/\/www.glnf.fr\">Grande Loge Nationale Fran\u00e7aise<\/a><\/li>\n<li><a href=\"http:\/\/lnmf.fmtl.fr\">Loge Nationale Mixte Fran\u00e7aise<\/a><\/li>\n<li><a href=\"http:\/\/www.gotm.fr\">Grand Orient Traditionel de M\u00e9diterran\u00e9e<\/a><\/li>\n<li><a href=\"http:\/\/lnf.fmtl.fr\">Loge National Fran\u00e7aise<\/a><\/li>\n<li><a href=\"http:\/\/www.gob.org.br\">Grande Oriente do Brasil<\/a><\/li>\n<li><a href=\"http:\/\/grandeorienteiberico.org\">Grande Oriente Ib\u00e9rico<\/a><\/li>\n<li><a href=\"http:\/\/www.rito-moderno.com\/rito-moderno-italiano\/\">Rito Moderno Italiano<\/a><\/li>\n<\/ul>\n<p>[\/et_pb_text][\/et_pb_column][et_pb_column type=\u00bb1_4&#8243; _builder_version=\u00bb3.25&#8243; custom_padding=\u00bb|||\u00bb custom_padding__hover=\u00bb|||\u00bb][et_pb_text admin_label=\u00bbsupremos consejos\u00bb _builder_version=\u00bb4.4.8&#8243; hover_enabled=\u00bb0&#8243; header_2_font=\u00bbAbhaya Libre|600|||||||\u00bb header_2_font_size=\u00bb27px\u00bb text_font_size=\u00bb16px\u00bb text_text_shadow_style=\u00bbpreset4&#8243;]<\/p>\n<h2>Supremos Consejos y Grandes Cap\u00edtulos Generales<\/h2>\n<ul>\n<li><a href=\"http:\/\/ritomodernoecuador.com\/\">Sublime Consejo del Rito Moderno para el Ecuador<\/a><\/li>\n<li><a href=\"http:\/\/www.scrm.org.br\/\">Supremo Conselho do Rito Moderno<\/a><\/li>\n<li><a href=\"http:\/\/www.johaben.be\/\">Grand Chapitre G\u00e9n\u00e9ral de Belgique<\/a><\/li>\n<li><a href=\"http:\/\/www.grandchapitrefrancais.com\/ksl_qui.asp\">Grand Chapitre Fran\u00e7ais<\/a><\/li>\n<li><a href=\"http:\/\/www.grandchapitregeneraldefrance.org\/\">Gran Chapitre G\u00e9n\u00e9ral de France<\/a><\/li>\n<li><a href=\"https:\/\/grand-chapitre-godf.net\/\">Grand Chapitre G\u00e9n\u00e9ral du Grand Orient de France<\/a><\/li>\n<li><a href=\"http:\/\/grancapitulo.org\/\">Gran Cap\u00edtulo General de Espa\u00f1a<\/a><\/li>\n<\/ul>\n<p>[\/et_pb_text][\/et_pb_column][et_pb_column type=\u00bb1_4&#8243; _builder_version=\u00bb3.25&#8243; custom_padding=\u00bb|||\u00bb custom_padding__hover=\u00bb|||\u00bb][et_pb_text admin_label=\u00bblogias\u00bb _builder_version=\u00bb4.4.8&#8243; hover_enabled=\u00bb0&#8243; text_font_size=\u00bb16px\u00bb text_text_shadow_style=\u00bbpreset4&#8243; header_2_font=\u00bbAbhaya Libre||||||||\u00bb header_2_font_size=\u00bb28px\u00bb]<\/p>\n<h2>Logias<\/h2>\n<ul>\n<li><a href=\"http:\/\/luxveritatis.ritomodernoecuador.com\">R.\u00b7. L.\u00b7. Lux Veritatis<\/a><\/li>\n<li><a href=\"http:\/\/rlinvmdegages9.blogspot.com.es\/\">R:. L:. de Investigaci\u00f3n \u201cMarqu\u00e9s de Gages\u201d No. 9<\/a><\/li>\n<li><a href=\"http:\/\/www.facebook.com\/Godcolombia\/\" target=\"_blank\" rel=\"noopener noreferrer\">R.\u00b7. L.\u00b7. Las Tres Virtudes Teologales<\/a><\/li>\n<li><a href=\"http:\/\/sites.google.com\/site\/lapierrelevain\/\">R.\u00b7. L.\u00b7. \u201cLa Pierre Levain\u201d<\/a><\/li>\n<li><a href=\"http:\/\/www.sub-rosa.ch\/home.html\">R.\u00b7. L.\u00b7. Sub Rosa<\/a><\/li>\n<li><a href=\"https:\/\/www.facebook.com\/Logia-Investigacion-Los-Modernos-1507426512802120\/?fref=ts\">R.\u00b7. L.\u00b7. de Investigaci\u00f3n los Modernos<\/a><\/li>\n<\/ul>\n<p>[\/et_pb_text][\/et_pb_column][\/et_pb_row][\/et_pb_section]<\/p>\n","protected":false},"excerpt":{"rendered":"<p>Sitios Relacionados Centros de Estudio e Investigaci\u00f3n Academia Internacional de la V\u00aa Orden &#8211; Uni\u00f3n Mas\u00f3nica Universal del Rito Moderno Roosvelt Center Circulo de Estudios del Rito Franc\u00e9s Ro\u00ebttiers de Montaleau Pietre Stones Blogs Blog Rito Franc\u00e9s Blog Masoner\u00eda Siglo XXI The Magisterium Rac\u00f3 de la Llum The Hedge mason La imprenta de Benjam\u00edn Aureliano [&hellip;]<\/p>\n","protected":false},"author":1,"featured_media":0,"parent":0,"menu_order":0,"comment_status":"closed","ping_status":"closed","template":"","meta":{"_et_pb_use_builder":"on","_et_pb_old_content":"","_et_gb_content_width":"","footnotes":""},"class_list":["post-26","page","type-page","status-publish","hentry"],"_links":{"self":[{"href":"https:\/\/ritomoderno.es\/index.php\/wp-json\/wp\/v2\/pages\/26","targetHints":{"allow":["GET"]}}],"collection":[{"href":"https:\/\/ritomoderno.es\/index.php\/wp-json\/wp\/v2\/pages"}],"about":[{"href":"https:\/\/ritomoderno.es\/index.php\/wp-json\/wp\/v2\/types\/page"}],"author":[{"embeddable":true,"href":"https:\/\/ritomoderno.es\/index.php\/wp-json\/wp\/v2\/users\/1"}],"replies":[{"embeddable":true,"href":"https:\/\/ritomoderno.es\/index.php\/wp-json\/wp\/v2\/comments?post=26"}],"version-history":[{"count":19,"href":"https:\/\/ritomoderno.es\/index.php\/wp-json\/wp\/v2\/pages\/26\/revisions"}],"predecessor-version":[{"id":334,"href":"https:\/\/ritomoderno.es\/index.php\/wp-json\/wp\/v2\/pages\/26\/revisions\/334"}],"wp:attachment":[{"href":"https:\/\/ritomoderno.es\/index.php\/wp-json\/wp\/v2\/media?parent=26"}],"curies":[{"name":"wp","href":"https:\/\/api.w.org\/{rel}","templated":true}]}}