{"id":81,"date":"2018-04-06T15:46:32","date_gmt":"2018-04-06T15:46:32","guid":{"rendered":"https:\/\/slateblue-falcon-325495.hostingersite.com\/?page_id=81"},"modified":"2020-06-26T20:14:56","modified_gmt":"2020-06-26T20:14:56","slug":"rito-frances-y-el-origen-ritual-de-la-francmasoneria","status":"publish","type":"page","link":"https:\/\/ritomoderno.es\/index.php\/rito-frances-y-el-origen-ritual-de-la-francmasoneria\/","title":{"rendered":"Rito Franc\u00e9s"},"content":{"rendered":"<p>[et_pb_section fb_built=\u00bb1&#8243; fullwidth=\u00bbon\u00bb _builder_version=\u00bb4.4.8&#8243; box_shadow_style=\u00bbpreset3&#8243; hover_enabled=\u00bb0&#8243;][et_pb_fullwidth_image src=\u00bbhttps:\/\/slateblue-falcon-325495.hostingersite.com\/wp-content\/uploads\/2018\/04\/mand.jpg\u00bb _builder_version=\u00bb4.4.8&#8243; alt=\u00bbRito franc\u00e9s.\u00bb title_text=\u00bbmand\u00bb hover_enabled=\u00bb0&#8243;][\/et_pb_fullwidth_image][\/et_pb_section][et_pb_section fb_built=\u00bb1&#8243; _builder_version=\u00bb3.22&#8243;][et_pb_row _builder_version=\u00bb4.4.8&#8243; background_size=\u00bbinitial\u00bb background_position=\u00bbtop_left\u00bb background_repeat=\u00bbrepeat\u00bb hover_enabled=\u00bb0&#8243;][et_pb_column type=\u00bb4_4&#8243; _builder_version=\u00bb3.25&#8243; custom_padding=\u00bb|||\u00bb custom_padding__hover=\u00bb|||\u00bb][et_pb_text _builder_version=\u00bb4.4.8&#8243; hover_enabled=\u00bb0&#8243; header_2_font=\u00bbAbhaya Libre|600|||||||\u00bb header_2_font_size=\u00bb30px\u00bb text_font_size=\u00bb18px\u00bb]<\/p>\n<h2><\/h2>\n<h2><span id=\"El_Rito_Franc.C3.A9s_y_el_origen_ritual_de_la_Francmasoner.C3.ADa\" class=\"mw-headline\">El Rito Franc\u00e9s y el origen ritual de la Francmasoner\u00eda<\/span><\/h2>\n<p>&nbsp;<\/p>\n<p>La\u00a0<a title=\"Francmasoner\u00eda\" href=\"https:\/\/web.archive.org\/web\/20160607003244\/https:\/\/es.wikipedia.org\/wiki\/Francmasoner%C3%ADa\">Francmasoner\u00eda<\/a>\u00a0se implanta en\u00a0<a title=\"Francia\" href=\"https:\/\/web.archive.org\/web\/20160607003244\/https:\/\/es.wikipedia.org\/wiki\/Francia\">Francia<\/a>\u00a0sobre 1725 tra\u00edda por los emigrantes brit\u00e1nicos que hu\u00edan de las persecuciones pol\u00edticas y religiosas. En\u00a0<a title=\"Par\u00eds\" href=\"https:\/\/web.archive.org\/web\/20160607003244\/https:\/\/es.wikipedia.org\/wiki\/Par%C3%ADs\">Par\u00eds<\/a>, \u00e9stos son a menudo de origen noble y vienen, por lo general, de\u00a0<a title=\"Londres\" href=\"https:\/\/web.archive.org\/web\/20160607003244\/https:\/\/es.wikipedia.org\/wiki\/Londres\">Londres<\/a>. Traen con ellos el ritual que emplean los masones ingleses en esta \u00e9poca, se trata del ritual de la Primera Gran Logia mas\u00f3nica creada en 1717. Es, pues, la traducci\u00f3n en lengua francesa del ritual llamado de los \u201cModernos\u201d, aquel que practican los masones que junto con<a title=\"James Anderson (mas\u00f3n)\" href=\"https:\/\/web.archive.org\/web\/20160607003244\/https:\/\/es.wikipedia.org\/wiki\/James_Anderson_(mas%C3%B3n)\">James Anderson<\/a>crearon la Primera Gran Logia, el que se difundir\u00e1 en\u00a0<a title=\"Francia\" href=\"https:\/\/web.archive.org\/web\/20160607003244\/https:\/\/es.wikipedia.org\/wiki\/Francia\">Francia<\/a>\u00a0durante el siglo\u00a0<a class=\"mw-redirect\" title=\"XVIII\" href=\"https:\/\/web.archive.org\/web\/20160607003244\/https:\/\/es.wikipedia.org\/wiki\/XVIII\">XVIII<\/a>. \u00c9ste es, por otra parte, el \u00fanico ritual conocido para los grados de la masoner\u00eda simb\u00f3lica en sus or\u00edgenes y que ser\u00e1 llamado m\u00e1s tarde Rito franc\u00e9s.<\/p>\n<p>Durante la segunda mitad del siglo\u00a0<a class=\"mw-redirect\" title=\"XVIII\" href=\"https:\/\/web.archive.org\/web\/20160607003244\/https:\/\/es.wikipedia.org\/wiki\/XVIII\">XVIII<\/a>\u00a0se produjo en Francia una eclosi\u00f3n de nuevos sistemas y grados mas\u00f3nicos. Cuando la profunda reorganizaci\u00f3n de la Primera Gran Logia francesa acaba en 1773 con su transformaci\u00f3n en el\u00a0<a title=\"Gran Oriente de Francia\" href=\"https:\/\/web.archive.org\/web\/20160607003244\/https:\/\/es.wikipedia.org\/wiki\/Gran_Oriente_de_Francia\">Gran Oriente de Francia<\/a>, \u00e9sta tuvo que referirse tambi\u00e9n a la cuesti\u00f3n de los rituales.<\/p>\n<p>Ya desde su segunda asamblea, el 27 de diciembre de 1773, el\u00a0<a title=\"Gran Oriente de Francia\" href=\"https:\/\/web.archive.org\/web\/20160607003244\/https:\/\/es.wikipedia.org\/wiki\/Gran_Oriente_de_Francia\">Gran Oriente de Francia<\/a>\u00a0hab\u00eda establecido una Comisi\u00f3n encargada de estudiar los rituales que ven\u00edan emple\u00e1ndose por las Logias, con el objeto de salvaguardar la regularidad de los mismos. Este trabajo culminar\u00e1 con la votaci\u00f3n en los a\u00f1os 1780 y la posterior impresi\u00f3n en 1801 de los cuadernos de los tres grados simb\u00f3licos bajo el t\u00edtulo de\u00a0<a class=\"new\" title=\"Regulador del Mas\u00f3n (a\u00fan no redactado)\" href=\"https:\/\/web.archive.org\/web\/20160607003244\/https:\/\/es.wikipedia.org\/w\/index.php?title=Regulador_del_Mas%C3%B3n&amp;action=edit&amp;redlink=1\">Regulador del Mas\u00f3n<\/a>.<\/p>\n<p>El texto del\u00a0<a class=\"new\" title=\"Regulador del Mas\u00f3n (a\u00fan no redactado)\" href=\"https:\/\/web.archive.org\/web\/20160607003244\/https:\/\/es.wikipedia.org\/w\/index.php?title=Regulador_del_Mas%C3%B3n&amp;action=edit&amp;redlink=1\">Regulador del Mas\u00f3n<\/a>\u00a0se caracteriza por su gran fidelidad a los rituales originales divulgados entre 1740-1760. A partir de esta \u00e9poca el\u00a0<a class=\"new\" title=\"Regulador del Mas\u00f3n (a\u00fan no redactado)\" href=\"https:\/\/web.archive.org\/web\/20160607003244\/https:\/\/es.wikipedia.org\/w\/index.php?title=Regulador_del_Mas%C3%B3n&amp;action=edit&amp;redlink=1\">Regulador del Mas\u00f3n<\/a>\u00a0ser\u00e1 considerado como el texto de referencia para el Rito franc\u00e9s.<\/p>\n<p>El Rito franc\u00e9s, practicado en la \u00e9poca por la inmensa mayor\u00eda de las Logias de Francia y sometido a la ideolog\u00eda de los masones de los a\u00f1os 1860-1880, sufrir\u00e1 modificaciones a la luz de las corrientes intelectuales en boga y especialmente del positivismo. Las versiones\u00a0<a class=\"mw-disambig\" title=\"Murat\" href=\"https:\/\/web.archive.org\/web\/20160607003244\/https:\/\/es.wikipedia.org\/wiki\/Murat\">Murat<\/a>\u00a0(1858) y\u00a0<a class=\"new\" title=\"Amiable (a\u00fan no redactado)\" href=\"https:\/\/web.archive.org\/web\/20160607003244\/https:\/\/es.wikipedia.org\/w\/index.php?title=Amiable&amp;action=edit&amp;redlink=1\">Amiable<\/a>\u00a0(1885) reducir\u00e1n la presentaci\u00f3n de los s\u00edmbolos de los diferentes grados a la porci\u00f3n m\u00ednima y las reemplazar\u00e1n por discursos morales y aleg\u00f3ricos sobre el bien y el mal.<\/p>\n<p>Ser\u00e1 el Gran Maestro\u00a0<a title=\"Arthur Groussier\" href=\"https:\/\/web.archive.org\/web\/20160607003244\/https:\/\/es.wikipedia.org\/wiki\/Arthur_Groussier\">Arthur Groussier<\/a>\u00a0quien plantee una vuelta a las fuentes simb\u00f3licas del Rito franc\u00e9s antes de la\u00a0<a title=\"Segunda Guerra Mundial\" href=\"https:\/\/web.archive.org\/web\/20160607003244\/https:\/\/es.wikipedia.org\/wiki\/Segunda_Guerra_Mundial\">Segunda Guerra Mundial<\/a>. El texto, fijado bajo la direcci\u00f3n de\u00a0<a title=\"Arthur Groussier\" href=\"https:\/\/web.archive.org\/web\/20160607003244\/https:\/\/es.wikipedia.org\/wiki\/Arthur_Groussier\">Arthur Groussier<\/a>\u00a0y adoptado luego en 1938-1955, marca el comienzo de una vuelta del simbolismo en el ritual de referencia del\u00a0<a title=\"Gran Oriente de Francia\" href=\"https:\/\/web.archive.org\/web\/20160607003244\/https:\/\/es.wikipedia.org\/wiki\/Gran_Oriente_de_Francia\">Gran Oriente de Francia<\/a>. El movimiento lanzado por\u00a0<a title=\"Arthur Groussier\" href=\"https:\/\/web.archive.org\/web\/20160607003244\/https:\/\/es.wikipedia.org\/wiki\/Arthur_Groussier\">Arthur Groussier<\/a>\u00a0se prolong\u00f3 durante la reconstrucci\u00f3n de la obediencia que sigui\u00f3 a la\u00a0<a title=\"Segunda Guerra Mundial\" href=\"https:\/\/web.archive.org\/web\/20160607003244\/https:\/\/es.wikipedia.org\/wiki\/Segunda_Guerra_Mundial\">Segunda Guerra Mundial<\/a>.<\/p>\n<p>Los \u201crestauradores\u201d del Rito franc\u00e9s tradicional quisieron encontrar una denominaci\u00f3n que diera sentido al resultado de su b\u00fasqueda. Lo bautizaron, pues,\u00a0<a class=\"new\" title=\"Rito moderno franc\u00e9s restablecido (a\u00fan no redactado)\" href=\"https:\/\/web.archive.org\/web\/20160607003244\/https:\/\/es.wikipedia.org\/w\/index.php?title=Rito_moderno_franc%C3%A9s_restablecido&amp;action=edit&amp;redlink=1\">Rito moderno franc\u00e9s restablecido<\/a>. La expresi\u00f3n Rito moderno debe ser le\u00edda como Rito de tipo \u201cmoderno\u201d, es decir, inscrito en la tradici\u00f3n de la Primera Gran Logia llamada de los \u201cModernos\u201d; \u201cfranc\u00e9s\u201d porque se trata de la versi\u00f3n implantada en Francia en 1725 y traducido en esta lengua; \u201crestablecido\u201d, por \u00faltimo, para indicar que este texto era el resultado de un trabajo de restituci\u00f3n.<\/p>\n<p>Posteriormente, algunas Logias interesadas por una perspectiva esencialmente tradicional y simb\u00f3lica eligieron utilizar tal cual el\u00a0<a class=\"new\" title=\"Regulador del Mas\u00f3n (a\u00fan no redactado)\" href=\"https:\/\/web.archive.org\/web\/20160607003244\/https:\/\/es.wikipedia.org\/w\/index.php?title=Regulador_del_Mas%C3%B3n&amp;action=edit&amp;redlink=1\">Regulador del Mas\u00f3n<\/a>. Hoy, entre las Logias del\u00a0<a title=\"Gran Oriente de Francia\" href=\"https:\/\/web.archive.org\/web\/20160607003244\/https:\/\/es.wikipedia.org\/wiki\/Gran_Oriente_de_Francia\">Gran Oriente de Francia<\/a>\u00a0que practican una versi\u00f3n tradicional del Rito Franc\u00e9s se encuentran las dos opciones.<\/p>\n<p>Por \u00faltimo, en 1970 se produce una edici\u00f3n del Rito Franc\u00e9s, que lo modifica, simplificando considerablemente las pruebas y dejando a la libre elecci\u00f3n de las Logias la incorporaci\u00f3n de diversos elementos ceremoniales. Este es el Rito Franc\u00e9s de Referencia que est\u00e1 en la base del practicado hoy en d\u00eda por muchas Logias del\u00a0<a title=\"Gran Oriente de Francia\" href=\"https:\/\/web.archive.org\/web\/20160607003244\/https:\/\/es.wikipedia.org\/wiki\/Gran_Oriente_de_Francia\">Gran Oriente de Francia<\/a>\u00a0y por todas ellas en el momento de su nacimiento.<\/p>\n<p>Sea cual sea la versi\u00f3n referida del Rito Franc\u00e9s, se trata de un \u00fanico y mismo rito.<\/p>\n<p>&nbsp;<\/p>\n<h2><span id=\"Versiones\" class=\"mw-headline\">Versiones<\/span><\/h2>\n<dl>\n<dd><a class=\"new\" title=\"Rito regulador del mas\u00f3n (a\u00fan no redactado)\" href=\"https:\/\/web.archive.org\/web\/20160607003244\/https:\/\/es.wikipedia.org\/w\/index.php?title=Rito_regulador_del_mas%C3%B3n&amp;action=edit&amp;redlink=1\">Rito regulador del mas\u00f3n<\/a>, el m\u00e1s parecido al rito primigenio de los modernos.<\/dd>\n<dd><a class=\"new\" title=\"Rito franc\u00e9s moderno restablecido (a\u00fan no redactado)\" href=\"https:\/\/web.archive.org\/web\/20160607003244\/https:\/\/es.wikipedia.org\/w\/index.php?title=Rito_franc%C3%A9s_moderno_restablecido&amp;action=edit&amp;redlink=1\">Rito franc\u00e9s moderno restablecido<\/a>\u00a0es, en realidad, una actualizaci\u00f3n del\u00a0<a class=\"new\" title=\"Rito regulador del mas\u00f3n (a\u00fan no redactado)\" href=\"https:\/\/web.archive.org\/web\/20160607003244\/https:\/\/es.wikipedia.org\/w\/index.php?title=Rito_regulador_del_mas%C3%B3n&amp;action=edit&amp;redlink=1\">rito regulador del mas\u00f3n<\/a>\u00a0de\u00a0<a title=\"1801\" href=\"https:\/\/web.archive.org\/web\/20160607003244\/https:\/\/es.wikipedia.org\/wiki\/1801\">1801<\/a>.<\/dd>\n<dd><a class=\"new\" title=\"Rito franc\u00e9s de referencia (a\u00fan no redactado)\" href=\"https:\/\/web.archive.org\/web\/20160607003244\/https:\/\/es.wikipedia.org\/w\/index.php?title=Rito_franc%C3%A9s_de_referencia&amp;action=edit&amp;redlink=1\">Rito franc\u00e9s de referencia<\/a>, confecci\u00f3n ritual vigente en un determinado momento en una Obediencia mas\u00f3nica. En el caso del Gran Oriente de Francia, la \u00faltima edici\u00f3n ha sido realizada en el a\u00f1o 2009, existiendo una versi\u00f3n en espa\u00f1ol.<\/dd>\n<\/dl>\n<p>[\/et_pb_text][\/et_pb_column][\/et_pb_row][\/et_pb_section]<\/p>\n","protected":false},"excerpt":{"rendered":"<p>El Rito Franc\u00e9s y el origen ritual de la Francmasoner\u00eda &nbsp; La\u00a0Francmasoner\u00eda\u00a0se implanta en\u00a0Francia\u00a0sobre 1725 tra\u00edda por los emigrantes brit\u00e1nicos que hu\u00edan de las persecuciones pol\u00edticas y religiosas. En\u00a0Par\u00eds, \u00e9stos son a menudo de origen noble y vienen, por lo general, de\u00a0Londres. Traen con ellos el ritual que emplean los masones ingleses en esta \u00e9poca, [&hellip;]<\/p>\n","protected":false},"author":1,"featured_media":0,"parent":0,"menu_order":0,"comment_status":"closed","ping_status":"closed","template":"","meta":{"_et_pb_use_builder":"on","_et_pb_old_content":"","_et_gb_content_width":"","footnotes":""},"class_list":["post-81","page","type-page","status-publish","hentry"],"_links":{"self":[{"href":"https:\/\/ritomoderno.es\/index.php\/wp-json\/wp\/v2\/pages\/81","targetHints":{"allow":["GET"]}}],"collection":[{"href":"https:\/\/ritomoderno.es\/index.php\/wp-json\/wp\/v2\/pages"}],"about":[{"href":"https:\/\/ritomoderno.es\/index.php\/wp-json\/wp\/v2\/types\/page"}],"author":[{"embeddable":true,"href":"https:\/\/ritomoderno.es\/index.php\/wp-json\/wp\/v2\/users\/1"}],"replies":[{"embeddable":true,"href":"https:\/\/ritomoderno.es\/index.php\/wp-json\/wp\/v2\/comments?post=81"}],"version-history":[{"count":6,"href":"https:\/\/ritomoderno.es\/index.php\/wp-json\/wp\/v2\/pages\/81\/revisions"}],"predecessor-version":[{"id":329,"href":"https:\/\/ritomoderno.es\/index.php\/wp-json\/wp\/v2\/pages\/81\/revisions\/329"}],"wp:attachment":[{"href":"https:\/\/ritomoderno.es\/index.php\/wp-json\/wp\/v2\/media?parent=81"}],"curies":[{"name":"wp","href":"https:\/\/api.w.org\/{rel}","templated":true}]}}